{"id":12017,"date":"2026-03-10T18:49:12","date_gmt":"2026-03-10T21:49:12","guid":{"rendered":"https:\/\/laboratorioluca.com.ar\/yendo\/?page_id=12017"},"modified":"2026-03-28T09:04:51","modified_gmt":"2026-03-28T12:04:51","slug":"yendo","status":"publish","type":"page","link":"https:\/\/laboratorioluca.com.ar\/yendo\/","title":{"rendered":"Yendo"},"content":{"rendered":"\t\t<div data-elementor-type=\"wp-page\" data-elementor-id=\"12017\" class=\"elementor elementor-12017\">\n\t\t\t\t<div class=\"elementor-element elementor-element-a4e9a87 e-con-full e-flex e-con e-parent \" data-id=\"a4e9a87\" data-element_type=\"container\" data-e-type=\"container\">\t\t<div class=\"elementor-element elementor-element-1f88044 elementor-widget elementor-widget-image\" data-id=\"1f88044\" data-element_type=\"widget\" data-e-type=\"widget\" data-widget_type=\"image.default\">\n\t\t\t\t\t\t\t\t\t\t\t\t\t\t\t<img fetchpriority=\"high\" decoding=\"async\" width=\"2006\" height=\"1006\" src=\"https:\/\/laboratorioluca.com.ar\/yendo\/wp-content\/uploads\/2026\/03\/Slider-Yendo-1.png\" class=\"attachment-full size-full wp-image-12019\" alt=\"\" srcset=\"https:\/\/laboratorioluca.com.ar\/yendo\/wp-content\/uploads\/2026\/03\/Slider-Yendo-1.png 2006w, https:\/\/laboratorioluca.com.ar\/yendo\/wp-content\/uploads\/2026\/03\/Slider-Yendo-1-600x301.png 600w, https:\/\/laboratorioluca.com.ar\/yendo\/wp-content\/uploads\/2026\/03\/Slider-Yendo-1-500x251.png 500w, https:\/\/laboratorioluca.com.ar\/yendo\/wp-content\/uploads\/2026\/03\/Slider-Yendo-1-1200x602.png 1200w, https:\/\/laboratorioluca.com.ar\/yendo\/wp-content\/uploads\/2026\/03\/Slider-Yendo-1-300x150.png 300w, https:\/\/laboratorioluca.com.ar\/yendo\/wp-content\/uploads\/2026\/03\/Slider-Yendo-1-768x385.png 768w, https:\/\/laboratorioluca.com.ar\/yendo\/wp-content\/uploads\/2026\/03\/Slider-Yendo-1-1536x770.png 1536w, https:\/\/laboratorioluca.com.ar\/yendo\/wp-content\/uploads\/2026\/03\/Slider-Yendo-1-1170x587.png 1170w\" sizes=\"(max-width: 2006px) 100vw, 2006px\" \/>\t\t\t\t\t\t\t\t\t\t\t\t\t\t\t<\/div>\n\t\t\t\t<\/div>\r\n\t\t<div class=\"elementor-element elementor-element-10258d1 e-flex e-con-boxed e-con e-parent \" data-id=\"10258d1\" data-element_type=\"container\" data-e-type=\"container\">\t\t\t<div class=\"e-con-inner\">\r\n\t\t\t\t<div class=\"elementor-element elementor-element-6b57892 elementor-widget elementor-widget-text-editor\" data-id=\"6b57892\" data-element_type=\"widget\" data-e-type=\"widget\" data-widget_type=\"text-editor.default\">\n\t\t\t\t\t\t\t\t\t<h1 id=\"yendo--toma-de-muestras-a-domicilio\" class=\"font-editorial font-bold first:mt-xs mb-2 mt-4 [.has-inline-images_&amp;]:clear-end text-lg leading-[1.5em] lg:text-xl\"><strong>Yendo<\/strong> \u00b7 <em>Bioqu\u00edmica en movimiento<\/em><\/h1><p class=\"my-2 [&amp;+p]:mt-4 [&amp;_strong:has(+br)]:inline-block [&amp;_strong:has(+br)]:pb-2\">En\u00a0<strong>Laboratorios Luca<\/strong>\u00a0seguimos creciendo para estar cada vez m\u00e1s cerca de vos. Por eso creamos\u00a0<strong>Yendo<\/strong>, nuestro servicio de toma de muestras a domicilio: la misma calidad, el mismo profesionalismo y la misma tecnolog\u00eda de siempre, ahora en la comodidad de tu hogar.<\/p><h3 id=\"qu-es-yendo\" class=\"font-editorial font-bold mb-2 mt-4 [.has-inline-images_&amp;]:clear-end text-lg first:mt-0 md:text-lg [hr+&amp;]:mt-4\">\u00bfQu\u00e9 es Yendo?<\/h3><p class=\"my-2 [&amp;+p]:mt-4 [&amp;_strong:has(+br)]:inline-block [&amp;_strong:has(+br)]:pb-2\"><strong>Yendo<\/strong> es el servicio con el que llevamos el laboratorio hasta tu puerta. Un profesional bioqu\u00edmico de nuestro equipo se traslada a tu domicilio en\u00a0<strong>Venado Tuerto<\/strong>\u00a0para realizar la extracci\u00f3n de muestras, con todos los est\u00e1ndares de higiene, seguridad y excelencia que caracterizan a <strong>Laboratorios Luca<\/strong>.<\/p><p class=\"my-2 [&amp;+p]:mt-4 [&amp;_strong:has(+br)]:inline-block [&amp;_strong:has(+br)]:pb-2\">Una vez procesadas en nuestro laboratorio, recib\u00eds tus resultados de forma\u00a0<strong>digital o impresa<\/strong>, con la misma rapidez de siempre.<\/p><h3 id=\"para-quin-es-ideal\" class=\"font-editorial font-bold mb-2 mt-4 [.has-inline-images_&amp;]:clear-end text-lg first:mt-0 md:text-lg [hr+&amp;]:mt-4\">\u00bfPara qui\u00e9n es ideal?<\/h3><p class=\"my-2 [&amp;+p]:mt-4 [&amp;_strong:has(+br)]:inline-block [&amp;_strong:has(+br)]:pb-2\">Este servicio est\u00e1 pensado especialmente para:<\/p><ul><li class=\"my-2 [&amp;+p]:mt-4 [&amp;_strong:has(+br)]:inline-block [&amp;_strong:has(+br)]:pb-2\">Adultos mayores que prefieren evitar traslados.<\/li><li class=\"my-2 [&amp;+p]:mt-4 [&amp;_strong:has(+br)]:inline-block [&amp;_strong:has(+br)]:pb-2\">Pacientes con movilidad reducida o en reposo.<\/li><li class=\"my-2 [&amp;+p]:mt-4 [&amp;_strong:has(+br)]:inline-block [&amp;_strong:has(+br)]:pb-2\">Personas con enfermedades cr\u00f3nicas que requieren controles frecuentes.<\/li><li class=\"my-2 [&amp;+p]:mt-4 [&amp;_strong:has(+br)]:inline-block [&amp;_strong:has(+br)]:pb-2\">Mam\u00e1s y pap\u00e1s con beb\u00e9s o ni\u00f1os peque\u00f1os.<\/li><li class=\"my-2 [&amp;+p]:mt-4 [&amp;_strong:has(+br)]:inline-block [&amp;_strong:has(+br)]:pb-2\">Cualquier persona que quiera simplificar su rutina de salud.<\/li><\/ul><h3 id=\"cmo-funciona\" class=\"font-editorial font-bold mb-2 mt-4 [.has-inline-images_&amp;]:clear-end text-lg first:mt-0 md:text-lg [hr+&amp;]:mt-4\">\u00bfC\u00f3mo funciona?<\/h3><ol class=\"marker:text-quiet list-decimal pl-8\"><li class=\"py-0 my-0 prose-p:pt-0 prose-p:mb-2 prose-p:my-0 [&amp;&gt;p]:pt-0 [&amp;&gt;p]:mb-2 [&amp;&gt;p]:my-0\" style=\"box-sizing: border-box; scrollbar-color: initial; scrollbar-width: initial; --tw-border-spacing-x: 0; --tw-border-spacing-y: 0; --tw-translate-x: 0; --tw-translate-y: 0; --tw-rotate: 0; --tw-skew-x: 0; --tw-skew-y: 0; --tw-scale-x: 1; --tw-scale-y: 1; --tw-scroll-snap-strictness: proximity; --tw-ring-offset-width: 0px; --tw-ring-offset-color: #fff; --tw-ring-color: #3b82f680; --tw-ring-offset-shadow: 0 0 #0000; --tw-ring-shadow: 0 0 #0000; --tw-shadow: 0 0 #0000; --tw-shadow-colored: 0 0 #0000; margin-top: 0px; margin-bottom: 0px; padding-inline-start: 0.375em; padding-top: 0px; padding-bottom: 0px; border: 0px solid oklch(var(--foreground-subtle-color));\"><p class=\"my-2 [&amp;+p]:mt-4 [&amp;_strong:has(+br)]:inline-block [&amp;_strong:has(+br)]:pb-2\"><strong>Complet\u00e1 el formulario<\/strong> con tus datos y tu direcci\u00f3n en Venado Tuerto.<\/p><\/li><li class=\"py-0 my-0 prose-p:pt-0 prose-p:mb-2 prose-p:my-0 [&amp;&gt;p]:pt-0 [&amp;&gt;p]:mb-2 [&amp;&gt;p]:my-0\" style=\"box-sizing: border-box; scrollbar-color: initial; scrollbar-width: initial; --tw-border-spacing-x: 0; --tw-border-spacing-y: 0; --tw-translate-x: 0; --tw-translate-y: 0; --tw-rotate: 0; --tw-skew-x: 0; --tw-skew-y: 0; --tw-scale-x: 1; --tw-scale-y: 1; --tw-scroll-snap-strictness: proximity; --tw-ring-offset-width: 0px; --tw-ring-offset-color: #fff; --tw-ring-color: #3b82f680; --tw-ring-offset-shadow: 0 0 #0000; --tw-ring-shadow: 0 0 #0000; --tw-shadow: 0 0 #0000; --tw-shadow-colored: 0 0 #0000; margin-top: 0px; margin-bottom: 0px; padding-inline-start: 0.375em; padding-top: 0px; padding-bottom: 0px; border: 0px solid oklch(var(--foreground-subtle-color));\"><p class=\"my-2 [&amp;+p]:mt-4 [&amp;_strong:has(+br)]:inline-block [&amp;_strong:has(+br)]:pb-2\"><strong>Nos comunicamos con vos<\/strong> para confirmar el turno, el horario y las indicaciones previas necesarias (ayuno, hidrataci\u00f3n, etc.).<\/p><\/li><li class=\"py-0 my-0 prose-p:pt-0 prose-p:mb-2 prose-p:my-0 [&amp;&gt;p]:pt-0 [&amp;&gt;p]:mb-2 [&amp;&gt;p]:my-0\" style=\"box-sizing: border-box; scrollbar-color: initial; scrollbar-width: initial; --tw-border-spacing-x: 0; --tw-border-spacing-y: 0; --tw-translate-x: 0; --tw-translate-y: 0; --tw-rotate: 0; --tw-skew-x: 0; --tw-skew-y: 0; --tw-scale-x: 1; --tw-scale-y: 1; --tw-scroll-snap-strictness: proximity; --tw-ring-offset-width: 0px; --tw-ring-offset-color: #fff; --tw-ring-color: #3b82f680; --tw-ring-offset-shadow: 0 0 #0000; --tw-ring-shadow: 0 0 #0000; --tw-shadow: 0 0 #0000; --tw-shadow-colored: 0 0 #0000; margin-top: 0px; margin-bottom: 0px; padding-inline-start: 0.375em; padding-top: 0px; padding-bottom: 0px; border: 0px solid oklch(var(--foreground-subtle-color));\"><p class=\"my-2 [&amp;+p]:mt-4 [&amp;_strong:has(+br)]:inline-block [&amp;_strong:has(+br)]:pb-2\"><strong>El profesional va a tu domicilio<\/strong> en el horario acordado y realiza la extracci\u00f3n.<\/p><\/li><li class=\"py-0 my-0 prose-p:pt-0 prose-p:mb-2 prose-p:my-0 [&amp;&gt;p]:pt-0 [&amp;&gt;p]:mb-2 [&amp;&gt;p]:my-0\" style=\"box-sizing: border-box; scrollbar-color: initial; scrollbar-width: initial; --tw-border-spacing-x: 0; --tw-border-spacing-y: 0; --tw-translate-x: 0; --tw-translate-y: 0; --tw-rotate: 0; --tw-skew-x: 0; --tw-skew-y: 0; --tw-scale-x: 1; --tw-scale-y: 1; --tw-scroll-snap-strictness: proximity; --tw-ring-offset-width: 0px; --tw-ring-offset-color: #fff; --tw-ring-color: #3b82f680; --tw-ring-offset-shadow: 0 0 #0000; --tw-ring-shadow: 0 0 #0000; --tw-shadow: 0 0 #0000; --tw-shadow-colored: 0 0 #0000; margin-top: 0px; margin-bottom: 0px; padding-inline-start: 0.375em; padding-top: 0px; padding-bottom: 0px; border: 0px solid oklch(var(--foreground-subtle-color));\"><p class=\"my-2 [&amp;+p]:mt-4 [&amp;_strong:has(+br)]:inline-block [&amp;_strong:has(+br)]:pb-2\"><strong>Recib\u00eds tus resultados<\/strong> de manera digital, o pod\u00e9s retirarlos impresos en nuestra sede.<\/p><\/li><\/ol><h3 id=\"trabajamos-con-tu-cobertura\" class=\"font-editorial font-bold mb-2 mt-4 [.has-inline-images_&amp;]:clear-end text-lg first:mt-0 md:text-lg [hr+&amp;]:mt-4\">\u00bfTrabajamos con tu cobertura?<\/h3><p class=\"my-2 [&amp;+p]:mt-4 [&amp;_strong:has(+br)]:inline-block [&amp;_strong:has(+br)]:pb-2\">S\u00ed. <strong>Laboratorios Luca<\/strong> tiene convenios con las principales obras sociales y prepagas. Al momento de confirmar tu turno, te informamos todo lo que necesit\u00e1s saber sobre la cobertura del servicio.<\/p><h3 id=\"solicit-tu-turno\" class=\"font-editorial font-bold mb-2 mt-4 [.has-inline-images_&amp;]:clear-end text-lg first:mt-0 md:text-lg [hr+&amp;]:mt-4\">Solicit\u00e1 tu turno<\/h3><p class=\"my-2 [&amp;+p]:mt-4 [&amp;_strong:has(+br)]:inline-block [&amp;_strong:has(+br)]:pb-2\">Complet\u00e1 el siguiente formulario y en breve nos ponemos en contacto con vos para coordinar todos los detalles.<\/p>\t\t\t\t\t\t\t\t<\/div>\n\t\t\t\t\t<\/div>\r\n\t\t\t\t<\/div>\r\n\t\t<div class=\"elementor-element elementor-element-171d527 e-flex e-con-boxed e-con e-parent \" data-id=\"171d527\" data-element_type=\"container\" data-e-type=\"container\">\t\t\t<div class=\"e-con-inner\">\r\n\t\t\t\t<div class=\"elementor-element elementor-element-330b60b elementor-widget__width-auto elementor-widget elementor-widget-stepbooking\" data-id=\"330b60b\" data-element_type=\"widget\" data-e-type=\"widget\" data-widget_type=\"stepbooking.default\">\n\t\t\t\t<div class=\"elementor-widget-container\">\n\t\t\t\t\t\n<script>\n  if (typeof hasAmeliaEntitiesApiCall === 'undefined' && ('' === '' && '' !== '1')) {\n    var hasAmeliaEntitiesApiCall = true;\n  }\n  var ameliaShortcodeData = (typeof ameliaShortcodeData === 'undefined') ? [] : ameliaShortcodeData;\n  ameliaShortcodeData.push(\n    {\n      'hasApiCall': (typeof hasAmeliaEntitiesApiCall !== 'undefined') && hasAmeliaEntitiesApiCall,\n      'trigger': '',\n      'trigger_type': '',\n      'triggered_form': 'sbsNew',\n      'in_dialog': '',\n      'show': '',\n      'counter': '1000',\n      'category': '',\n      'service': '',\n      'employee': '',\n      'location': '',\n      'package': '',\n      'layout': '1',\n    }\n  );\n\n  var ameliaShortcodeDataTriggered = (typeof ameliaShortcodeDataTriggered === 'undefined') ? [] : ameliaShortcodeDataTriggered;\n  if (ameliaShortcodeData[ameliaShortcodeData.length - 1].trigger !== '') {\n    if (ameliaShortcodeDataTriggered.filter(a => a.counter === ameliaShortcodeData[ameliaShortcodeData.length - 1].counter).length === 0) {\n      ameliaShortcodeDataTriggered.push(ameliaShortcodeData.pop());\n    } else {\n      ameliaShortcodeData.pop()\n    }\n  }\n  if (typeof hasAmeliaEntitiesApiCall !== 'undefined' && hasAmeliaEntitiesApiCall) {\n    hasAmeliaEntitiesApiCall = false;\n  }\n<\/script>\n\n<div\n  id=\"amelia-v2-booking-1000\"\n  class=\"amelia-v2-booking\"\n >\n    <step-form-wrapper><\/step-form-wrapper><\/div>\n\t\t\t\t<\/div>\n\t\t\t\t<\/div>\n\t\t\t\t\t<\/div>\r\n\t\t\t\t<\/div>\r\n\t\t\t\t<\/div>\n\t\t","protected":false},"excerpt":{"rendered":"<p>Yendo \u00b7 Bioqu\u00edmica en movimiento En\u00a0Laboratorios Luca\u00a0seguimos creciendo para estar cada vez m\u00e1s cerca de vos. Por eso creamos\u00a0Yendo, nuestro servicio de toma de muestras a domicilio: la misma calidad, el mismo profesionalismo y la misma tecnolog\u00eda de siempre, ahora en la comodidad de tu hogar. \u00bfQu\u00e9 es Yendo? Yendo es el servicio con el [&hellip;]<\/p>\n","protected":false},"author":2,"featured_media":0,"parent":0,"menu_order":0,"comment_status":"closed","ping_status":"closed","template":"","meta":{"footnotes":""},"class_list":["post-12017","page","type-page","status-publish","hentry"],"_links":{"self":[{"href":"https:\/\/laboratorioluca.com.ar\/yendo\/wp-json\/wp\/v2\/pages\/12017","targetHints":{"allow":["GET"]}}],"collection":[{"href":"https:\/\/laboratorioluca.com.ar\/yendo\/wp-json\/wp\/v2\/pages"}],"about":[{"href":"https:\/\/laboratorioluca.com.ar\/yendo\/wp-json\/wp\/v2\/types\/page"}],"author":[{"embeddable":true,"href":"https:\/\/laboratorioluca.com.ar\/yendo\/wp-json\/wp\/v2\/users\/2"}],"replies":[{"embeddable":true,"href":"https:\/\/laboratorioluca.com.ar\/yendo\/wp-json\/wp\/v2\/comments?post=12017"}],"version-history":[{"count":22,"href":"https:\/\/laboratorioluca.com.ar\/yendo\/wp-json\/wp\/v2\/pages\/12017\/revisions"}],"predecessor-version":[{"id":12058,"href":"https:\/\/laboratorioluca.com.ar\/yendo\/wp-json\/wp\/v2\/pages\/12017\/revisions\/12058"}],"wp:attachment":[{"href":"https:\/\/laboratorioluca.com.ar\/yendo\/wp-json\/wp\/v2\/media?parent=12017"}],"curies":[{"name":"wp","href":"https:\/\/api.w.org\/{rel}","templated":true}]}}